{"id":1382,"date":"2017-04-12T15:20:23","date_gmt":"2017-04-12T15:20:23","guid":{"rendered":"https:\/\/techossolares.minenergia.cl\/?page_id=1382"},"modified":"2018-04-27T14:12:31","modified_gmt":"2018-04-27T14:12:31","slug":"resultados-del-programa","status":"publish","type":"page","link":"https:\/\/techossolares.minenergia.cl\/?page_id=1382","title":{"rendered":"Resultados del Programa"},"content":{"rendered":"<p>Reporte de costos 2018<\/p>\n<p>Este reporte tiene finalidad generar informaci\u00f3n de acceso p\u00fablico y gratuito sobre costos y condiciones de los proyectos fotovoltaicos orientados a autoconsumo en el contexto chileno (para descargar documento hacer click en la imagen).<\/p>\n<p>&nbsp;<\/p>\n<p><a href=\"https:\/\/techossolares.minenergia.cl\/wp-content\/uploads\/2017\/04\/Reporte-de-Costos-de-Adjudicacion-marzo2018.pdf\" target=\"_blank\" rel=\"noopener noreferrer\"><img loading=\"lazy\" decoding=\"async\" class=\"alignnone wp-image-4510 size-medium\" src=\"https:\/\/techossolares.minenergia.cl\/wp-content\/uploads\/2017\/04\/Reporte-de-Costos-de-Adjudicacion-2018-233x300.jpg\" alt=\"\" width=\"233\" height=\"300\" srcset=\"https:\/\/techossolares.minenergia.cl\/wp-content\/uploads\/2017\/04\/Reporte-de-Costos-de-Adjudicacion-2018-233x300.jpg 233w, https:\/\/techossolares.minenergia.cl\/wp-content\/uploads\/2017\/04\/Reporte-de-Costos-de-Adjudicacion-2018-768x989.jpg 768w, https:\/\/techossolares.minenergia.cl\/wp-content\/uploads\/2017\/04\/Reporte-de-Costos-de-Adjudicacion-2018-660x850.jpg 660w, https:\/\/techossolares.minenergia.cl\/wp-content\/uploads\/2017\/04\/Reporte-de-Costos-de-Adjudicacion-2018.jpg 787w\" sizes=\"auto, (max-width: 233px) 100vw, 233px\" \/><\/a><\/p>\n<p>&nbsp;<\/p>\n<p>Gr\u00e1fico de Evoluci\u00f3n Precio Adjudicaci\u00f3n Licitaciones Programa Techos Solares P\u00fablicos (para ver el gr\u00e1fico hacer click en la imagen).<\/p>\n<p><a href=\"https:\/\/techossolares.minenergia.cl\/wp-content\/uploads\/2017\/04\/Grafico-precios-al-2018.png\" target=\"_blank\" rel=\"noopener noreferrer\"><img loading=\"lazy\" decoding=\"async\" class=\"alignnone wp-image-4514 size-medium\" src=\"https:\/\/techossolares.minenergia.cl\/wp-content\/uploads\/2017\/04\/Grafico-precios-al-2018-300x146.png\" alt=\"\" width=\"300\" height=\"146\" srcset=\"https:\/\/techossolares.minenergia.cl\/wp-content\/uploads\/2017\/04\/Grafico-precios-al-2018-300x146.png 300w, https:\/\/techossolares.minenergia.cl\/wp-content\/uploads\/2017\/04\/Grafico-precios-al-2018-768x373.png 768w, https:\/\/techossolares.minenergia.cl\/wp-content\/uploads\/2017\/04\/Grafico-precios-al-2018-1024x498.png 1024w, https:\/\/techossolares.minenergia.cl\/wp-content\/uploads\/2017\/04\/Grafico-precios-al-2018-660x321.png 660w, https:\/\/techossolares.minenergia.cl\/wp-content\/uploads\/2017\/04\/Grafico-precios-al-2018.png 1975w\" sizes=\"auto, (max-width: 300px) 100vw, 300px\" \/><\/a><\/p>\n","protected":false},"excerpt":{"rendered":"<p>Reporte de costos 2018 Este reporte tiene finalidad generar informaci\u00f3n de acceso p\u00fablico y gratuito sobre costos y condiciones de los proyectos fotovoltaicos orientados a autoconsumo en el contexto chileno (para descargar documento hacer click en la imagen). &nbsp; &nbsp;<a href=\"https:\/\/techossolares.minenergia.cl\/?page_id=1382\" rel=\"nofollow\">&#8230;Leer mas<\/a><\/p>\n","protected":false},"author":3,"featured_media":0,"parent":0,"menu_order":0,"comment_status":"closed","ping_status":"closed","template":"","meta":{"inline_featured_image":false,"footnotes":""},"class_list":["post-1382","page","type-page","status-publish","hentry"],"_links":{"self":[{"href":"https:\/\/techossolares.minenergia.cl\/index.php?rest_route=\/wp\/v2\/pages\/1382","targetHints":{"allow":["GET"]}}],"collection":[{"href":"https:\/\/techossolares.minenergia.cl\/index.php?rest_route=\/wp\/v2\/pages"}],"about":[{"href":"https:\/\/techossolares.minenergia.cl\/index.php?rest_route=\/wp\/v2\/types\/page"}],"author":[{"embeddable":true,"href":"https:\/\/techossolares.minenergia.cl\/index.php?rest_route=\/wp\/v2\/users\/3"}],"replies":[{"embeddable":true,"href":"https:\/\/techossolares.minenergia.cl\/index.php?rest_route=%2Fwp%2Fv2%2Fcomments&post=1382"}],"version-history":[{"count":27,"href":"https:\/\/techossolares.minenergia.cl\/index.php?rest_route=\/wp\/v2\/pages\/1382\/revisions"}],"predecessor-version":[{"id":3884,"href":"https:\/\/techossolares.minenergia.cl\/index.php?rest_route=\/wp\/v2\/pages\/1382\/revisions\/3884"}],"wp:attachment":[{"href":"https:\/\/techossolares.minenergia.cl\/index.php?rest_route=%2Fwp%2Fv2%2Fmedia&parent=1382"}],"curies":[{"name":"wp","href":"https:\/\/api.w.org\/{rel}","templated":true}]}}