{"id":3565,"date":"2017-07-05T19:41:22","date_gmt":"2017-07-05T19:41:22","guid":{"rendered":"https:\/\/techossolares.minenergia.cl\/?page_id=3565"},"modified":"2017-07-05T19:41:22","modified_gmt":"2017-07-05T19:41:22","slug":"sobre-el-ptsp","status":"publish","type":"page","link":"https:\/\/techossolares.minenergia.cl\/?page_id=3565","title":{"rendered":"Sobre el PTSP"},"content":{"rendered":"<p align=\"justify\"><strong>\u00bfQu\u00e9 es el PTSP?<\/strong><br \/>\nEl Programa Techos Solares P\u00fablicos (PTSP) es una iniciativa del Ministerio de Energ\u00eda inserta en la Agenda de Energ\u00eda, orientada a instalar sistemas fotovoltaicos (SFV) en los techos de los edificios p\u00fablicos, con el objeto de contribuir a la maduraci\u00f3n del mercado fotovoltaico para autoconsumo. Tiene una duraci\u00f3n de 4 a\u00f1os a partir del 2015 y cuenta con un presupuesto de USD 13 millones.<\/p>\n<p align=\"justify\"><strong>\u00bfCu\u00e1les son los Objetivos Espec\u00edficos del Programa?<\/strong><\/p>\n<ul>\n<li>Estimular el mercado de soluciones fotovoltaicas a trav\u00e9s de la demanda por parte del Estado para ser instalados en edificios p\u00fablicos.<\/li>\n<li>Generar informaci\u00f3n de acceso p\u00fablico y gratuito sobre costos y condiciones de los proyectos FV orientados a autoconsumo en la realidad chilena.<\/li>\n<li>Evaluar en la pr\u00e1ctica las normas y procedimientos en desarrollo para instalaciones FV de autoconsumo.<\/li>\n<li>Contribuir a la disminuci\u00f3n de costos en edificios p\u00fablicos.<\/li>\n<\/ul>\n<p align=\"justify\"><strong>\u00bfQui\u00e9nes son los beneficiarios del Programa?<\/strong><br \/>\nLos beneficiarios del Programa, considerando que es un plan piloto, ser\u00e1n instituciones p\u00fablicas, fundaciones y corporaciones sin fines de lucro, de car\u00e1cter nacional, que cumplan un rol social y p\u00fablico, y que beneficien directamente a toda la poblaci\u00f3n.<\/p>\n<p align=\"justify\"><strong>\u00bfD\u00f3nde se inici\u00f3 el Programa?<\/strong><\/p>\n<p>De tal manera de asegurar eficiencia en el uso de los recursos Estatales, el Programa se implement\u00f3 inicialmente en 16 comunas priorizadas por su rentabilidad (derivada de su alta radiaci\u00f3n y alto costo de electricidad) y ser\u00e1 complementado por otras iniciativas con fines sociales y demostrativos.<\/p>\n","protected":false},"excerpt":{"rendered":"<p>\u00bfQu\u00e9 es el PTSP? El Programa Techos Solares P\u00fablicos (PTSP) es una iniciativa del Ministerio de Energ\u00eda inserta en la Agenda de Energ\u00eda, orientada a instalar sistemas fotovoltaicos (SFV) en los techos de los edificios p\u00fablicos, con el objeto de<a href=\"https:\/\/techossolares.minenergia.cl\/?page_id=3565\" rel=\"nofollow\">&#8230;Leer mas<\/a><\/p>\n","protected":false},"author":3,"featured_media":0,"parent":0,"menu_order":0,"comment_status":"closed","ping_status":"closed","template":"","meta":{"inline_featured_image":false,"footnotes":""},"class_list":["post-3565","page","type-page","status-publish","hentry"],"_links":{"self":[{"href":"https:\/\/techossolares.minenergia.cl\/index.php?rest_route=\/wp\/v2\/pages\/3565","targetHints":{"allow":["GET"]}}],"collection":[{"href":"https:\/\/techossolares.minenergia.cl\/index.php?rest_route=\/wp\/v2\/pages"}],"about":[{"href":"https:\/\/techossolares.minenergia.cl\/index.php?rest_route=\/wp\/v2\/types\/page"}],"author":[{"embeddable":true,"href":"https:\/\/techossolares.minenergia.cl\/index.php?rest_route=\/wp\/v2\/users\/3"}],"replies":[{"embeddable":true,"href":"https:\/\/techossolares.minenergia.cl\/index.php?rest_route=%2Fwp%2Fv2%2Fcomments&post=3565"}],"version-history":[{"count":1,"href":"https:\/\/techossolares.minenergia.cl\/index.php?rest_route=\/wp\/v2\/pages\/3565\/revisions"}],"predecessor-version":[{"id":3566,"href":"https:\/\/techossolares.minenergia.cl\/index.php?rest_route=\/wp\/v2\/pages\/3565\/revisions\/3566"}],"wp:attachment":[{"href":"https:\/\/techossolares.minenergia.cl\/index.php?rest_route=%2Fwp%2Fv2%2Fmedia&parent=3565"}],"curies":[{"name":"wp","href":"https:\/\/api.w.org\/{rel}","templated":true}]}}