{"id":9,"date":"2017-02-28T14:47:37","date_gmt":"2017-02-28T14:47:37","guid":{"rendered":"https:\/\/techossolares.minenergia.cl\/?page_id=9"},"modified":"2018-12-19T12:39:04","modified_gmt":"2018-12-19T12:39:04","slug":"ley","status":"publish","type":"page","link":"https:\/\/techossolares.minenergia.cl\/?page_id=9","title":{"rendered":"Documentos"},"content":{"rendered":"<p><a href=\"https:\/\/techossolares.minenergia.cl\/wp-content\/uploads\/2017\/02\/memoriaPTSP_web_3.pdf\" target=\"_blank\" rel=\"noopener noreferrer\"><img loading=\"lazy\" decoding=\"async\" class=\"alignnone wp-image-3445\" src=\"https:\/\/techossolares.minenergia.cl\/wp-content\/uploads\/2017\/02\/Portada-278x300.png\" alt=\"\" width=\"260\" height=\"281\" srcset=\"https:\/\/techossolares.minenergia.cl\/wp-content\/uploads\/2017\/02\/Portada-278x300.png 278w, https:\/\/techossolares.minenergia.cl\/wp-content\/uploads\/2017\/02\/Portada.png 608w\" sizes=\"auto, (max-width: 260px) 100vw, 260px\" \/><\/a><\/p>\n<p><a href=\"https:\/\/techossolares.minenergia.cl\/wp-content\/uploads\/2017\/02\/memoriaPTSP_web_3.pdf\" target=\"_blank\" rel=\"noopener noreferrer\">Descarga: MEMORIA &#8211; Programa Techos Solares P\u00fablicos<\/a><\/p>\n<p><a href=\"https:\/\/techossolares.minenergia.cl\/wp-content\/uploads\/2018\/12\/Template-Contrato-OM.pdf\" target=\"_blank\" rel=\"noopener noreferrer\"><img loading=\"lazy\" decoding=\"async\" class=\"alignnone size-medium wp-image-3457\" src=\"https:\/\/techossolares.minenergia.cl\/wp-content\/uploads\/2018\/12\/contrato_mantenimiento_sistemas_fotovoltaicos.jpg\" alt=\"\" width=\"257\" height=\"300\" \/><\/a><\/p>\n<p><a href=\"https:\/\/techossolares.minenergia.cl\/wp-content\/uploads\/2018\/12\/Template-Contrato-OM.pdf\" target=\"_blank\" rel=\"noopener noreferrer\"><strong>Contrato de Mantenimiento tipo de Sistemas Fotovoltaicos<\/strong><\/a><\/p>\n<p><a href=\"https:\/\/techossolares.minenergia.cl\/wp-content\/uploads\/2018\/11\/Guia-OM-FV.pdf\" target=\"_blank\" rel=\"noopener noreferrer\"><img loading=\"lazy\" decoding=\"async\" class=\"alignnone size-medium wp-image-3457\" src=\"https:\/\/techossolares.minenergia.cl\/wp-content\/uploads\/2018\/11\/portada.jpg\" alt=\"\" width=\"257\" height=\"300\" \/><\/a><\/p>\n<p>La <a href=\"https:\/\/techossolares.minenergia.cl\/wp-content\/uploads\/2018\/11\/Guia-OM-FV.pdf\" target=\"_blank\" rel=\"noopener noreferrer\"><strong>Gu\u00eda de Operaci\u00f3n y Mantenimiento de sistemas fotovoltaicos<\/strong><\/a>, tiene como\u00a0prop\u00f3sito orientar y sugerir las principales tareas y estrategias de operaci\u00f3n y mantenimiento (O&amp;M) para asegurar una operaci\u00f3n segura, alta disponibilidad y un alto rendimiento en las instalaciones fotovoltaicas.<\/p>\n<p><a href=\"https:\/\/techossolares.minenergia.cl\/wp-content\/uploads\/2017\/02\/Guia-de-buenas-y-malas-practicas-de-instalaciones-fotovoltaicas.pdf\" target=\"_blank\" rel=\"noopener noreferrer\"><img loading=\"lazy\" decoding=\"async\" class=\"alignnone wp-image-3528\" src=\"https:\/\/techossolares.minenergia.cl\/wp-content\/uploads\/2017\/02\/guias-de-buenas-y-malas-practicas-de-instalaciones-fotovoltaicas-sobre-techos-300x287.jpg\" alt=\"\" width=\"260\" height=\"249\" srcset=\"https:\/\/techossolares.minenergia.cl\/wp-content\/uploads\/2017\/02\/guias-de-buenas-y-malas-practicas-de-instalaciones-fotovoltaicas-sobre-techos-300x287.jpg 300w, https:\/\/techossolares.minenergia.cl\/wp-content\/uploads\/2017\/02\/guias-de-buenas-y-malas-practicas-de-instalaciones-fotovoltaicas-sobre-techos-768x735.jpg 768w, https:\/\/techossolares.minenergia.cl\/wp-content\/uploads\/2017\/02\/guias-de-buenas-y-malas-practicas-de-instalaciones-fotovoltaicas-sobre-techos-660x631.jpg 660w, https:\/\/techossolares.minenergia.cl\/wp-content\/uploads\/2017\/02\/guias-de-buenas-y-malas-practicas-de-instalaciones-fotovoltaicas-sobre-techos.jpg 990w\" sizes=\"auto, (max-width: 260px) 100vw, 260px\" \/><\/a><\/p>\n<p><strong><a href=\"https:\/\/techossolares.minenergia.cl\/wp-content\/uploads\/2017\/02\/Guia-de-buenas-y-malas-practicas-de-instalaciones-fotovoltaicas.pdf\" target=\"_blank\" rel=\"noopener noreferrer\">Gu\u00eda de buenas y malas pr\u00e1cticas de instalaciones fotovoltaicas sobre techos<\/a>:\u00a0<\/strong>Este documento\u00a0 es un anexo a la gu\u00eda check list pre-fiscalizaci\u00f3n TE4, que presenta buenas y malas pr\u00e1cticas observadas en la ejecuci\u00f3n y puesta en marcha de los sistemas FV conectados a la red. Se muestran estas pr\u00e1cticas con el fin de que futuros sistemas FV se instalen y operen adecuadamente.<\/p>\n<p><a href=\"https:\/\/techossolares.minenergia.cl\/wp-content\/uploads\/2017\/04\/Guia-Check-pre-Fiscalizacion-TE4.pdf\" target=\"_blank\" rel=\"noopener noreferrer\"><img loading=\"lazy\" decoding=\"async\" class=\"alignnone wp-image-3529\" src=\"https:\/\/techossolares.minenergia.cl\/wp-content\/uploads\/2017\/02\/guia-check-list-pre_fiscalizacion_te4-282x300.jpg\" alt=\"\" width=\"260\" height=\"276\" srcset=\"https:\/\/techossolares.minenergia.cl\/wp-content\/uploads\/2017\/02\/guia-check-list-pre_fiscalizacion_te4-282x300.jpg 282w, https:\/\/techossolares.minenergia.cl\/wp-content\/uploads\/2017\/02\/guia-check-list-pre_fiscalizacion_te4-768x817.jpg 768w, https:\/\/techossolares.minenergia.cl\/wp-content\/uploads\/2017\/02\/guia-check-list-pre_fiscalizacion_te4-660x702.jpg 660w, https:\/\/techossolares.minenergia.cl\/wp-content\/uploads\/2017\/02\/guia-check-list-pre_fiscalizacion_te4.jpg 899w\" sizes=\"auto, (max-width: 260px) 100vw, 260px\" \/><\/a><\/p>\n<p>La <strong><a href=\"https:\/\/techossolares.minenergia.cl\/wp-content\/uploads\/2017\/04\/Guia-Check-pre-Fiscalizacion-TE4.pdf\" target=\"_blank\" rel=\"noopener noreferrer\">Gu\u00eda Check List pre Fiscalizaci\u00f3n TE4<\/a><\/strong>, entrega una lista detallada de todos los aspectos que se encuentran en el Check List utilizado por la Superintendencia de Electricidad y Combustibles (SEC) para la verificaci\u00f3n de los proyectos de generaci\u00f3n de energ\u00eda de hasta 100 kWp. La gu\u00eda est\u00e1 destinada a empresas instaladoras de proyectos fotovoltaicos e instaladores el\u00e9ctricos autorizados, y tiene como objetivo facilitar una auto evaluaci\u00f3n previa a la fiscalizaci\u00f3n por parte de la SEC.<\/p>\n<p><a href=\"https:\/\/techossolares.minenergia.cl\/wp-content\/uploads\/2017\/04\/Guia-de-evaluacion-inicial-de-edificios.pdf\" target=\"_blank\" rel=\"noopener noreferrer\"><img loading=\"lazy\" decoding=\"async\" class=\"alignnone wp-image-3530\" src=\"https:\/\/techossolares.minenergia.cl\/wp-content\/uploads\/2017\/02\/guia-evaluacion-inicial-edificios-300x298.jpg\" alt=\"\" width=\"260\" height=\"258\" srcset=\"https:\/\/techossolares.minenergia.cl\/wp-content\/uploads\/2017\/02\/guia-evaluacion-inicial-edificios-300x298.jpg 300w, https:\/\/techossolares.minenergia.cl\/wp-content\/uploads\/2017\/02\/guia-evaluacion-inicial-edificios-150x150.jpg 150w, https:\/\/techossolares.minenergia.cl\/wp-content\/uploads\/2017\/02\/guia-evaluacion-inicial-edificios-660x657.jpg 660w, https:\/\/techossolares.minenergia.cl\/wp-content\/uploads\/2017\/02\/guia-evaluacion-inicial-edificios.jpg 760w\" sizes=\"auto, (max-width: 260px) 100vw, 260px\" \/><\/a><\/p>\n<p>La <a href=\"https:\/\/techossolares.minenergia.cl\/wp-content\/uploads\/2017\/04\/Guia-de-evaluacion-inicial-de-edificios.pdf\" target=\"_blank\" rel=\"noopener noreferrer\"><strong>Gu\u00eda de evaluaci\u00f3n inicial de edificios para la instalaci\u00f3n de sistemas fotovoltaicos<\/strong><\/a>, entrega informaci\u00f3n sobre los requisitos que un inmueble debe cumplir para instalar un sistema FV, c\u00f3mo seleccionar un inmueble que merece un an\u00e1lisis m\u00e1s detallado a nivel de factibilidad y c\u00f3mo descartar los no factibles, sin incurrir en mayores gastos e identificar el potencial del inmueble para la instalaci\u00f3n de un sistema FV.<\/p>\n<p>&nbsp;<\/p>\n<p><a href=\"https:\/\/techossolares.minenergia.cl\/wp-content\/uploads\/2017\/02\/Criterios-de-Instalacion-y-Diseno-plantas-FV-Programa-TSP.pdf\" target=\"_blank\" rel=\"noopener noreferrer\"><img loading=\"lazy\" decoding=\"async\" class=\"alignnone wp-image-4127 size-medium\" src=\"https:\/\/techossolares.minenergia.cl\/wp-content\/uploads\/2017\/02\/Doc-Especificaciones-249x300.jpg\" alt=\"\" width=\"249\" height=\"300\" srcset=\"https:\/\/techossolares.minenergia.cl\/wp-content\/uploads\/2017\/02\/Doc-Especificaciones-249x300.jpg 249w, https:\/\/techossolares.minenergia.cl\/wp-content\/uploads\/2017\/02\/Doc-Especificaciones-660x795.jpg 660w, https:\/\/techossolares.minenergia.cl\/wp-content\/uploads\/2017\/02\/Doc-Especificaciones.jpg 733w\" sizes=\"auto, (max-width: 249px) 100vw, 249px\" \/><\/a><\/p>\n<p><strong><a href=\"https:\/\/techossolares.minenergia.cl\/wp-content\/uploads\/2017\/02\/Criterios-de-Instalacion-y-Diseno-plantas-FV-Programa-TSP.pdf\" target=\"_blank\" rel=\"noopener noreferrer\">Especificaciones y consideraciones t\u00e9cnicas m\u00ednimas para permitir futura instalaci\u00f3n de un sistema fotovoltaico en proyectos de Infraestructura<\/a>:<\/strong>\u00a0Este documento tiene por objetivo establecer las especificaciones t\u00e9cnicas y consideraciones m\u00ednimas que deber\u00e1n ser incorporadas en los proyectos de infraestructura, a fin de permitir la futura instalaci\u00f3n de un sistema fotovoltaico acogido a la Ley de Generaci\u00f3n Distribuida (Ley 20.571).<\/p>\n<p>&nbsp;<\/p>\n<p><a href=\"https:\/\/techossolares.minenergia.cl\/wp-content\/uploads\/2017\/02\/Manual_de_prevencion_de_incendios_en_sistemas_FV.pdf\" target=\"_blank\" rel=\"noopener noreferrer\"><img loading=\"lazy\" decoding=\"async\" class=\"alignnone wp-image-4352 size-medium\" src=\"https:\/\/techossolares.minenergia.cl\/wp-content\/uploads\/2017\/02\/Evaluacion-riegos-de-incendios-220x300.jpg\" alt=\"\" width=\"220\" height=\"300\" srcset=\"https:\/\/techossolares.minenergia.cl\/wp-content\/uploads\/2017\/02\/Evaluacion-riegos-de-incendios-220x300.jpg 220w, https:\/\/techossolares.minenergia.cl\/wp-content\/uploads\/2017\/02\/Evaluacion-riegos-de-incendios-768x1048.jpg 768w, https:\/\/techossolares.minenergia.cl\/wp-content\/uploads\/2017\/02\/Evaluacion-riegos-de-incendios-750x1024.jpg 750w, https:\/\/techossolares.minenergia.cl\/wp-content\/uploads\/2017\/02\/Evaluacion-riegos-de-incendios-660x901.jpg 660w, https:\/\/techossolares.minenergia.cl\/wp-content\/uploads\/2017\/02\/Evaluacion-riegos-de-incendios.jpg 789w\" sizes=\"auto, (max-width: 220px) 100vw, 220px\" \/><\/a><\/p>\n<p><strong><a href=\"https:\/\/techossolares.minenergia.cl\/wp-content\/uploads\/2017\/02\/Manual_de_prevencion_de_incendios_en_sistemas_FV.pdf\" target=\"_blank\" rel=\"noopener noreferrer\">Evaluaci\u00f3n de los riesgos de incendios en plantas fotovoltaicas y elaboraci\u00f3n de planes de seguridad que minimicen los riesgos.<\/a><\/strong><\/p>\n<p><a href=\"https:\/\/techossolares.minenergia.cl\/wp-content\/uploads\/2017\/02\/Evaluacion-de-resultados-intermedios-PTSP.pdf\" target=\"_blank\" rel=\"noopener noreferrer\"><img loading=\"lazy\" decoding=\"async\" class=\"alignnone wp-image-4501\" src=\"https:\/\/techossolares.minenergia.cl\/wp-content\/uploads\/2017\/02\/Eval-Resultados-212x300.jpg\" alt=\"\" width=\"196\" height=\"277\" srcset=\"https:\/\/techossolares.minenergia.cl\/wp-content\/uploads\/2017\/02\/Eval-Resultados-212x300.jpg 212w, https:\/\/techossolares.minenergia.cl\/wp-content\/uploads\/2017\/02\/Eval-Resultados-660x934.jpg 660w, https:\/\/techossolares.minenergia.cl\/wp-content\/uploads\/2017\/02\/Eval-Resultados.jpg 693w\" sizes=\"auto, (max-width: 196px) 100vw, 196px\" \/><\/a><\/p>\n<p><strong><a href=\"https:\/\/techossolares.minenergia.cl\/wp-content\/uploads\/2017\/02\/Evaluacion-de-resultados-intermedios-PTSP.pdf\" target=\"_blank\" rel=\"noopener noreferrer\">Evaluaci\u00f3n de resultados del Programa Techos Solares P\u00fablicos (PTSP) del Ministerio de Energ\u00eda.<\/a><\/strong><\/p>\n<p><a href=\"https:\/\/techossolares.minenergia.cl\/wp-content\/uploads\/2017\/02\/Informe-Caracterizacion-Sistemas-de-Inyeccion-Cero.pdf\" target=\"_blank\" rel=\"noopener noreferrer\"><img loading=\"lazy\" decoding=\"async\" class=\"alignnone wp-image-4519 size-medium\" src=\"https:\/\/techossolares.minenergia.cl\/wp-content\/uploads\/2017\/02\/Estudio-caracterizacion-235x300.jpg\" alt=\"\" width=\"235\" height=\"300\" srcset=\"https:\/\/techossolares.minenergia.cl\/wp-content\/uploads\/2017\/02\/Estudio-caracterizacion-235x300.jpg 235w, https:\/\/techossolares.minenergia.cl\/wp-content\/uploads\/2017\/02\/Estudio-caracterizacion-768x981.jpg 768w, https:\/\/techossolares.minenergia.cl\/wp-content\/uploads\/2017\/02\/Estudio-caracterizacion-660x843.jpg 660w, https:\/\/techossolares.minenergia.cl\/wp-content\/uploads\/2017\/02\/Estudio-caracterizacion.jpg 793w\" sizes=\"auto, (max-width: 235px) 100vw, 235px\" \/><\/a><\/p>\n<p><strong><a href=\"https:\/\/techossolares.minenergia.cl\/wp-content\/uploads\/2017\/02\/Informe-Caracterizacion-Sistemas-de-Inyeccion-Cero.pdf\" target=\"_blank\" rel=\"noopener noreferrer\">Estudio de Caracterizaci\u00f3n de los Sistemas de Protecci\u00f3n que impiden la inyecci\u00f3n de energ\u00eda de los sistemas de generaci\u00f3n distribuida: <\/a>Determina los sistemas de control y\/o protecci\u00f3n que permitan a los proyectos de generaci\u00f3n distribuida conectados en paralelo a la red el\u00e9ctrica, en modalidad de autoconsumos, operar sin inyectar excedentes de potencia activa a la red.\u00a0<\/strong><\/p>\n<p>&nbsp;<\/p>\n<p><a href=\"https:\/\/techossolares.minenergia.cl\/wp-content\/uploads\/2017\/02\/TECHOS-SOLARES-Ficha-basica.pdf\" target=\"_blank\" rel=\"noopener noreferrer\"><img loading=\"lazy\" decoding=\"async\" class=\"alignnone wp-image-4570 size-medium\" src=\"https:\/\/techossolares.minenergia.cl\/wp-content\/uploads\/2017\/02\/FICHA-BASICA-233x300.jpg\" alt=\"\" width=\"233\" height=\"300\" srcset=\"https:\/\/techossolares.minenergia.cl\/wp-content\/uploads\/2017\/02\/FICHA-BASICA-233x300.jpg 233w, https:\/\/techossolares.minenergia.cl\/wp-content\/uploads\/2017\/02\/FICHA-BASICA-768x990.jpg 768w, https:\/\/techossolares.minenergia.cl\/wp-content\/uploads\/2017\/02\/FICHA-BASICA-794x1024.jpg 794w, https:\/\/techossolares.minenergia.cl\/wp-content\/uploads\/2017\/02\/FICHA-BASICA-660x851.jpg 660w, https:\/\/techossolares.minenergia.cl\/wp-content\/uploads\/2017\/02\/FICHA-BASICA.jpg 837w\" sizes=\"auto, (max-width: 233px) 100vw, 233px\" \/><\/a><\/p>\n<p><a href=\"https:\/\/techossolares.minenergia.cl\/wp-content\/uploads\/2017\/02\/TECHOS-SOLARES-Ficha-basica.pdf\" target=\"_blank\" rel=\"noopener noreferrer\"><strong>Ficha de informaci\u00f3n b\u00e1sica para levantamiento de proyectos fotovoltaicos<\/strong><\/a><\/p>\n<p>&nbsp;<\/p>\n<p><a href=\"https:\/\/techossolares.minenergia.cl\/wp-content\/uploads\/2017\/02\/TECHOS-SOLARES-Ficha-Tecnica-Vista-a-terreno.pdf\" target=\"_blank\" rel=\"noopener noreferrer\"><img loading=\"lazy\" decoding=\"async\" class=\"alignnone wp-image-4574 size-medium\" src=\"https:\/\/techossolares.minenergia.cl\/wp-content\/uploads\/2017\/02\/FICHA-TECNICA-243x300.jpg\" alt=\"\" width=\"243\" height=\"300\" srcset=\"https:\/\/techossolares.minenergia.cl\/wp-content\/uploads\/2017\/02\/FICHA-TECNICA-243x300.jpg 243w, https:\/\/techossolares.minenergia.cl\/wp-content\/uploads\/2017\/02\/FICHA-TECNICA-768x949.jpg 768w, https:\/\/techossolares.minenergia.cl\/wp-content\/uploads\/2017\/02\/FICHA-TECNICA-829x1024.jpg 829w, https:\/\/techossolares.minenergia.cl\/wp-content\/uploads\/2017\/02\/FICHA-TECNICA-660x815.jpg 660w, https:\/\/techossolares.minenergia.cl\/wp-content\/uploads\/2017\/02\/FICHA-TECNICA.jpg 867w\" sizes=\"auto, (max-width: 243px) 100vw, 243px\" \/><\/a><\/p>\n<p><a href=\"https:\/\/techossolares.minenergia.cl\/wp-content\/uploads\/2017\/02\/TECHOS-SOLARES-Ficha-Tecnica-Vista-a-terreno.pdf\" target=\"_blank\" rel=\"noopener noreferrer\"><strong>Ficha t\u00e9cnica de visita a terreno para proyectos fotovoltaicos<\/strong><\/a><\/p>\n<p>&nbsp;<\/p>\n<p><strong>Presentaciones Taller de Operaci\u00f3n y Mantenimiento de Sistemas Fotovoltaicos:<\/strong><\/p>\n<p><a href=\"https:\/\/techossolares.minenergia.cl\/wp-content\/uploads\/2017\/02\/Presentacion-Taller-Oper-y-Mantencion.pdf\" target=\"_blank\" rel=\"noopener noreferrer\">Experiencia del Programa Techos Solares P\u00fablicos en la operaci\u00f3n y mantenci\u00f3n de sistemas FV<\/a><\/p>\n<p><a href=\"https:\/\/techossolares.minenergia.cl\/wp-content\/uploads\/2017\/02\/Presentacion-Taller-Oper-y-Mantencion.pdf\" target=\"_blank\" rel=\"noopener noreferrer\"><img loading=\"lazy\" decoding=\"async\" class=\"alignnone wp-image-4317 size-medium\" src=\"https:\/\/techossolares.minenergia.cl\/wp-content\/uploads\/2017\/02\/Portada1-300x169.jpg\" alt=\"\" width=\"300\" height=\"169\" srcset=\"https:\/\/techossolares.minenergia.cl\/wp-content\/uploads\/2017\/02\/Portada1-300x169.jpg 300w, https:\/\/techossolares.minenergia.cl\/wp-content\/uploads\/2017\/02\/Portada1-768x432.jpg 768w, https:\/\/techossolares.minenergia.cl\/wp-content\/uploads\/2017\/02\/Portada1-1024x576.jpg 1024w, https:\/\/techossolares.minenergia.cl\/wp-content\/uploads\/2017\/02\/Portada1-660x371.jpg 660w, https:\/\/techossolares.minenergia.cl\/wp-content\/uploads\/2017\/02\/Portada1.jpg 1920w\" sizes=\"auto, (max-width: 300px) 100vw, 300px\" \/><\/a><\/p>\n<p>&nbsp;<\/p>\n<p><a href=\"https:\/\/techossolares.minenergia.cl\/wp-content\/uploads\/2017\/02\/Sistema-de-Monitoreo-PTSP.pdf\">Sistema de Monitoreo PTSP<\/a><\/p>\n<p><a href=\"https:\/\/techossolares.minenergia.cl\/wp-content\/uploads\/2017\/02\/Sistema-de-Monitoreo-PTSP.pdf\" target=\"_blank\" rel=\"noopener noreferrer\"><img loading=\"lazy\" decoding=\"async\" class=\"alignnone wp-image-4323 size-medium\" src=\"https:\/\/techossolares.minenergia.cl\/wp-content\/uploads\/2017\/02\/Portada2-300x169.jpg\" alt=\"\" width=\"300\" height=\"169\" srcset=\"https:\/\/techossolares.minenergia.cl\/wp-content\/uploads\/2017\/02\/Portada2-300x169.jpg 300w, https:\/\/techossolares.minenergia.cl\/wp-content\/uploads\/2017\/02\/Portada2-768x432.jpg 768w, https:\/\/techossolares.minenergia.cl\/wp-content\/uploads\/2017\/02\/Portada2-1024x576.jpg 1024w, https:\/\/techossolares.minenergia.cl\/wp-content\/uploads\/2017\/02\/Portada2-660x371.jpg 660w, https:\/\/techossolares.minenergia.cl\/wp-content\/uploads\/2017\/02\/Portada2.jpg 1920w\" sizes=\"auto, (max-width: 300px) 100vw, 300px\" \/><\/a><\/p>\n<p>&nbsp;<\/p>\n<p><a href=\"https:\/\/techossolares.minenergia.cl\/wp-content\/uploads\/2017\/02\/Modulo-1-Asier-Ukar.pdf\" target=\"_blank\" rel=\"noopener noreferrer\">Riesgos y retos en el desarrollo y ejecuci\u00f3n de plantas FV<\/a><\/p>\n<p><a href=\"https:\/\/techossolares.minenergia.cl\/wp-content\/uploads\/2017\/02\/Modulo-1-Asier-Ukar.pdf\" target=\"_blank\" rel=\"noopener noreferrer\"><img loading=\"lazy\" decoding=\"async\" class=\"alignnone wp-image-4326\" src=\"https:\/\/techossolares.minenergia.cl\/wp-content\/uploads\/2017\/02\/Modulo-1-Asier-Ukar.png\" alt=\"\" width=\"299\" height=\"156\" srcset=\"https:\/\/techossolares.minenergia.cl\/wp-content\/uploads\/2017\/02\/Modulo-1-Asier-Ukar.png 1216w, https:\/\/techossolares.minenergia.cl\/wp-content\/uploads\/2017\/02\/Modulo-1-Asier-Ukar-300x157.png 300w, https:\/\/techossolares.minenergia.cl\/wp-content\/uploads\/2017\/02\/Modulo-1-Asier-Ukar-768x402.png 768w, https:\/\/techossolares.minenergia.cl\/wp-content\/uploads\/2017\/02\/Modulo-1-Asier-Ukar-1024x536.png 1024w, https:\/\/techossolares.minenergia.cl\/wp-content\/uploads\/2017\/02\/Modulo-1-Asier-Ukar-660x345.png 660w\" sizes=\"auto, (max-width: 299px) 100vw, 299px\" \/><\/a><\/p>\n<p><a href=\"https:\/\/techossolares.minenergia.cl\/wp-content\/uploads\/2017\/02\/Modulo-2-Asier-Ukar.pdf\" target=\"_blank\" rel=\"noopener noreferrer\">Indicadores de rendimiento en plantas FV<\/a><\/p>\n<p><a href=\"https:\/\/techossolares.minenergia.cl\/wp-content\/uploads\/2017\/02\/Modulo-2-Asier-Ukar.pdf\" target=\"_blank\" rel=\"noopener noreferrer\"><img loading=\"lazy\" decoding=\"async\" class=\"alignnone wp-image-4327\" src=\"https:\/\/techossolares.minenergia.cl\/wp-content\/uploads\/2017\/02\/Modulo-2-Asier-Ukar.png\" alt=\"\" width=\"300\" height=\"156\" srcset=\"https:\/\/techossolares.minenergia.cl\/wp-content\/uploads\/2017\/02\/Modulo-2-Asier-Ukar.png 1227w, https:\/\/techossolares.minenergia.cl\/wp-content\/uploads\/2017\/02\/Modulo-2-Asier-Ukar-300x156.png 300w, https:\/\/techossolares.minenergia.cl\/wp-content\/uploads\/2017\/02\/Modulo-2-Asier-Ukar-768x399.png 768w, https:\/\/techossolares.minenergia.cl\/wp-content\/uploads\/2017\/02\/Modulo-2-Asier-Ukar-1024x532.png 1024w, https:\/\/techossolares.minenergia.cl\/wp-content\/uploads\/2017\/02\/Modulo-2-Asier-Ukar-660x343.png 660w\" sizes=\"auto, (max-width: 300px) 100vw, 300px\" \/><\/a><\/p>\n<p><a href=\"https:\/\/techossolares.minenergia.cl\/wp-content\/uploads\/2017\/02\/Modulo-3-Asier-Ukar.pdf\" target=\"_blank\" rel=\"noopener noreferrer\">Limpieza de paneles FV. Cat\u00e1logo de fallas en plantas FV<\/a><\/p>\n<p><a href=\"https:\/\/techossolares.minenergia.cl\/wp-content\/uploads\/2017\/02\/Modulo-3-Asier-Ukar.pdf\" target=\"_blank\" rel=\"noopener noreferrer\"><img loading=\"lazy\" decoding=\"async\" class=\"alignnone wp-image-4328\" src=\"https:\/\/techossolares.minenergia.cl\/wp-content\/uploads\/2017\/02\/Modulo-3-Asier-Ukar.png\" alt=\"\" width=\"300\" height=\"155\" srcset=\"https:\/\/techossolares.minenergia.cl\/wp-content\/uploads\/2017\/02\/Modulo-3-Asier-Ukar.png 1227w, https:\/\/techossolares.minenergia.cl\/wp-content\/uploads\/2017\/02\/Modulo-3-Asier-Ukar-300x155.png 300w, https:\/\/techossolares.minenergia.cl\/wp-content\/uploads\/2017\/02\/Modulo-3-Asier-Ukar-768x397.png 768w, https:\/\/techossolares.minenergia.cl\/wp-content\/uploads\/2017\/02\/Modulo-3-Asier-Ukar-1024x529.png 1024w, https:\/\/techossolares.minenergia.cl\/wp-content\/uploads\/2017\/02\/Modulo-3-Asier-Ukar-660x341.png 660w\" sizes=\"auto, (max-width: 300px) 100vw, 300px\" \/><\/a><\/p>\n<p>&nbsp;<\/p>\n<p>&nbsp;<\/p>\n","protected":false},"excerpt":{"rendered":"<p>Descarga: MEMORIA &#8211; Programa Techos Solares P\u00fablicos Contrato de Mantenimiento tipo de Sistemas Fotovoltaicos La Gu\u00eda de Operaci\u00f3n y Mantenimiento de sistemas fotovoltaicos, tiene como\u00a0prop\u00f3sito orientar y sugerir las principales tareas y estrategias de operaci\u00f3n y mantenimiento (O&amp;M) para asegurar<a href=\"https:\/\/techossolares.minenergia.cl\/?page_id=9\" rel=\"nofollow\">&#8230;Leer mas<\/a><\/p>\n","protected":false},"author":3,"featured_media":0,"parent":0,"menu_order":0,"comment_status":"closed","ping_status":"closed","template":"","meta":{"inline_featured_image":false,"footnotes":""},"class_list":["post-9","page","type-page","status-publish","hentry"],"_links":{"self":[{"href":"https:\/\/techossolares.minenergia.cl\/index.php?rest_route=\/wp\/v2\/pages\/9","targetHints":{"allow":["GET"]}}],"collection":[{"href":"https:\/\/techossolares.minenergia.cl\/index.php?rest_route=\/wp\/v2\/pages"}],"about":[{"href":"https:\/\/techossolares.minenergia.cl\/index.php?rest_route=\/wp\/v2\/types\/page"}],"author":[{"embeddable":true,"href":"https:\/\/techossolares.minenergia.cl\/index.php?rest_route=\/wp\/v2\/users\/3"}],"replies":[{"embeddable":true,"href":"https:\/\/techossolares.minenergia.cl\/index.php?rest_route=%2Fwp%2Fv2%2Fcomments&post=9"}],"version-history":[{"count":57,"href":"https:\/\/techossolares.minenergia.cl\/index.php?rest_route=\/wp\/v2\/pages\/9\/revisions"}],"predecessor-version":[{"id":4712,"href":"https:\/\/techossolares.minenergia.cl\/index.php?rest_route=\/wp\/v2\/pages\/9\/revisions\/4712"}],"wp:attachment":[{"href":"https:\/\/techossolares.minenergia.cl\/index.php?rest_route=%2Fwp%2Fv2%2Fmedia&parent=9"}],"curies":[{"name":"wp","href":"https:\/\/api.w.org\/{rel}","templated":true}]}}